{"id":988622,"date":"2017-04-25T22:40:51","date_gmt":"2017-04-25T22:40:51","guid":{"rendered":"https:\/\/boatstoragemallorca.com\/servicios\/"},"modified":"2022-01-09T11:13:05","modified_gmt":"2022-01-09T11:13:05","slug":"servicios","status":"publish","type":"page","link":"https:\/\/boatstoragemallorca.com\/en\/servicios\/","title":{"rendered":"Servicios N\u00e1uticos"},"content":{"rendered":"<div class=\"vgblk-rw-wrapper limit-wrapper\">\n\n\t\t\t\t<a href=\"https:\/\/boatstoragemallorca.com\/servicios\/almacenaje-de-barcos\/\" target=\"_self\" itemprop=\"url\" title=\"invernaje de barcos\" rel=\"noopener\">\n\t\t\t\t\t\t\t<img decoding=\"async\" loading=\"lazy\" src=\"https:\/\/boatstoragemallorca.com\/wp-content\/uploads\/2021\/09\/IMG_0371-scaled.jpg\" alt=\"invernaje de barcos\" itemprop=\"image\" height=\"1440\" width=\"2560\" data-link-type=\"url\" title=\"invernaje de barcos\" onerror=\"this.style.display='none'\"  sizes=\"auto, \" srcset=\"data:image\/svg+xml;utf8,&lt;svg%20xmlns=&quot;http:\/\/www.w3.org\/2000\/svg&quot;%20viewBox=&quot;0%200%202560%201440&quot;%20height=&quot;1440px&quot;%20width=&quot;2560px&quot;\/&gt;\" data-srcset=\"https:\/\/boatstoragemallorca.com\/wp-content\/uploads\/2021\/09\/IMG_0371-scaled.jpg 2560w, https:\/\/boatstoragemallorca.com\/wp-content\/uploads\/2021\/09\/IMG_0371-300x169.jpg 300w, https:\/\/boatstoragemallorca.com\/wp-content\/uploads\/2021\/09\/IMG_0371-1024x576.jpg 1024w, https:\/\/boatstoragemallorca.com\/wp-content\/uploads\/2021\/09\/IMG_0371-768x432.jpg 768w, https:\/\/boatstoragemallorca.com\/wp-content\/uploads\/2021\/09\/IMG_0371-1536x864.jpg 1536w, https:\/\/boatstoragemallorca.com\/wp-content\/uploads\/2021\/09\/IMG_0371-2048x1152.jpg 2048w, https:\/\/boatstoragemallorca.com\/wp-content\/uploads\/2021\/09\/IMG_0371-1260x709.jpg 1260w, https:\/\/boatstoragemallorca.com\/wp-content\/uploads\/2021\/09\/IMG_0371-630x354.jpg 630w, https:\/\/boatstoragemallorca.com\/wp-content\/uploads\/2021\/09\/IMG_0371-420x236.jpg 420w, https:\/\/boatstoragemallorca.com\/wp-content\/uploads\/2021\/09\/IMG_0371-840x473.jpg 840w, https:\/\/boatstoragemallorca.com\/wp-content\/uploads\/2021\/09\/IMG_0371-315x177.jpg 315w\" \/>\t\t\t\t\t\t<\/a>\n\t\t\t\t<a href=\"https:\/\/boatstoragemallorca.com\/servicios\/transporte-de-embarcaciones\/\" target=\"_self\" itemprop=\"url\" title=\"transporte barcos\" rel=\"noopener\">\n\t\t\t\t\t\t\t<img decoding=\"async\" loading=\"lazy\" src=\"https:\/\/boatstoragemallorca.com\/wp-content\/uploads\/2021\/09\/IMG_0340-1-scaled.jpeg\" alt=\"transporte barcos\" itemprop=\"image\" height=\"1440\" width=\"2560\" data-link-type=\"url\" title=\"transporte barcos\" onerror=\"this.style.display='none'\"  sizes=\"auto, (max-width: 768px) 100vw, 100vw\" srcset=\"data:image\/svg+xml;utf8,&lt;svg%20xmlns=&quot;http:\/\/www.w3.org\/2000\/svg&quot;%20viewBox=&quot;0%200%202560%201440&quot;%20height=&quot;1440px&quot;%20width=&quot;2560px&quot;\/&gt;\" data-srcset=\"https:\/\/boatstoragemallorca.com\/wp-content\/uploads\/2021\/09\/IMG_0340-1-scaled.jpeg 2560w, https:\/\/boatstoragemallorca.com\/wp-content\/uploads\/2021\/09\/IMG_0340-1-300x169.jpeg 300w, https:\/\/boatstoragemallorca.com\/wp-content\/uploads\/2021\/09\/IMG_0340-1-1024x576.jpeg 1024w, https:\/\/boatstoragemallorca.com\/wp-content\/uploads\/2021\/09\/IMG_0340-1-768x432.jpeg 768w, https:\/\/boatstoragemallorca.com\/wp-content\/uploads\/2021\/09\/IMG_0340-1-1536x864.jpeg 1536w, https:\/\/boatstoragemallorca.com\/wp-content\/uploads\/2021\/09\/IMG_0340-1-2048x1152.jpeg 2048w, https:\/\/boatstoragemallorca.com\/wp-content\/uploads\/2021\/09\/IMG_0340-1-1260x709.jpeg 1260w, https:\/\/boatstoragemallorca.com\/wp-content\/uploads\/2021\/09\/IMG_0340-1-630x354.jpeg 630w, https:\/\/boatstoragemallorca.com\/wp-content\/uploads\/2021\/09\/IMG_0340-1-420x236.jpeg 420w, https:\/\/boatstoragemallorca.com\/wp-content\/uploads\/2021\/09\/IMG_0340-1-840x473.jpeg 840w, https:\/\/boatstoragemallorca.com\/wp-content\/uploads\/2021\/09\/IMG_0340-1-315x177.jpeg 315w\" \/>\t\t\t\t\t\t<\/a>\n\t\t\t\t<a href=\"https:\/\/boatstoragemallorca.com\/servicios\/mantenimiento-limpieza-barcos\/\" target=\"_self\" itemprop=\"url\" title=\"mantenimiento barcos mallorca\" rel=\"noopener\">\n\t\t\t\t\t\t\t<img decoding=\"async\" loading=\"lazy\" src=\"https:\/\/boatstoragemallorca.com\/wp-content\/uploads\/2021\/09\/IMG_0368-scaled.jpeg\" alt=\"mantenimiento barcos mallorca\" itemprop=\"image\" height=\"1440\" width=\"2560\" data-link-type=\"url\" title=\"mantenimiento barcos mallorca\" onerror=\"this.style.display='none'\"  sizes=\"auto, (max-width: 768px) 100vw, 100vw\" srcset=\"data:image\/svg+xml;utf8,&lt;svg%20xmlns=&quot;http:\/\/www.w3.org\/2000\/svg&quot;%20viewBox=&quot;0%200%202560%201440&quot;%20height=&quot;1440px&quot;%20width=&quot;2560px&quot;\/&gt;\" data-srcset=\"https:\/\/boatstoragemallorca.com\/wp-content\/uploads\/2021\/09\/IMG_0368-scaled.jpeg 2560w, https:\/\/boatstoragemallorca.com\/wp-content\/uploads\/2021\/09\/IMG_0368-300x169.jpeg 300w, https:\/\/boatstoragemallorca.com\/wp-content\/uploads\/2021\/09\/IMG_0368-1024x576.jpeg 1024w, https:\/\/boatstoragemallorca.com\/wp-content\/uploads\/2021\/09\/IMG_0368-768x432.jpeg 768w, https:\/\/boatstoragemallorca.com\/wp-content\/uploads\/2021\/09\/IMG_0368-1536x864.jpeg 1536w, https:\/\/boatstoragemallorca.com\/wp-content\/uploads\/2021\/09\/IMG_0368-2048x1152.jpeg 2048w, https:\/\/boatstoragemallorca.com\/wp-content\/uploads\/2021\/09\/IMG_0368-1260x709.jpeg 1260w, https:\/\/boatstoragemallorca.com\/wp-content\/uploads\/2021\/09\/IMG_0368-630x354.jpeg 630w, https:\/\/boatstoragemallorca.com\/wp-content\/uploads\/2021\/09\/IMG_0368-420x236.jpeg 420w, https:\/\/boatstoragemallorca.com\/wp-content\/uploads\/2021\/09\/IMG_0368-840x473.jpeg 840w, https:\/\/boatstoragemallorca.com\/wp-content\/uploads\/2021\/09\/IMG_0368-315x177.jpeg 315w\" \/>\t\t\t\t\t\t<\/a>\n\t\t\t\t<a href=\"https:\/\/boatstoragemallorca.com\/servicios\/gestoria-nautica-y-seguros\/\" target=\"_self\" itemprop=\"url\" title=\"gestoria barcos martitimo\" rel=\"noopener\">\n\t\t\t\t\t\t\t<img decoding=\"async\" loading=\"lazy\" src=\"https:\/\/boatstoragemallorca.com\/wp-content\/uploads\/2021\/09\/IMG_0379-scaled.jpg\" alt=\"gestoria barcos martitimo\" itemprop=\"image\" height=\"1440\" width=\"2560\" data-link-type=\"url\" title=\"gestoria barcos martitimo\" onerror=\"this.style.display='none'\"  sizes=\"auto, (max-width: 768px) 100vw, 100vw\" srcset=\"data:image\/svg+xml;utf8,&lt;svg%20xmlns=&quot;http:\/\/www.w3.org\/2000\/svg&quot;%20viewBox=&quot;0%200%202560%201440&quot;%20height=&quot;1440px&quot;%20width=&quot;2560px&quot;\/&gt;\" data-srcset=\"https:\/\/boatstoragemallorca.com\/wp-content\/uploads\/2021\/09\/IMG_0379-scaled.jpg 2560w, https:\/\/boatstoragemallorca.com\/wp-content\/uploads\/2021\/09\/IMG_0379-300x169.jpg 300w, https:\/\/boatstoragemallorca.com\/wp-content\/uploads\/2021\/09\/IMG_0379-1024x576.jpg 1024w, https:\/\/boatstoragemallorca.com\/wp-content\/uploads\/2021\/09\/IMG_0379-768x432.jpg 768w, https:\/\/boatstoragemallorca.com\/wp-content\/uploads\/2021\/09\/IMG_0379-1536x864.jpg 1536w, https:\/\/boatstoragemallorca.com\/wp-content\/uploads\/2021\/09\/IMG_0379-2048x1152.jpg 2048w, https:\/\/boatstoragemallorca.com\/wp-content\/uploads\/2021\/09\/IMG_0379-1260x709.jpg 1260w, https:\/\/boatstoragemallorca.com\/wp-content\/uploads\/2021\/09\/IMG_0379-630x354.jpg 630w, https:\/\/boatstoragemallorca.com\/wp-content\/uploads\/2021\/09\/IMG_0379-420x236.jpg 420w, https:\/\/boatstoragemallorca.com\/wp-content\/uploads\/2021\/09\/IMG_0379-840x473.jpg 840w, https:\/\/boatstoragemallorca.com\/wp-content\/uploads\/2021\/09\/IMG_0379-315x177.jpg 315w\" \/>\t\t\t\t\t\t<\/a>\n\t\t\t\t<a href=\"https:\/\/boatstoragemallorca.com\/servicios\/chequeo-general-embarcaciones\/\" target=\"_self\" itemprop=\"url\" title=\"invernaje calvia\" rel=\"noopener\">\n\t\t\t\t\t\t\t<img decoding=\"async\" loading=\"lazy\" src=\"https:\/\/boatstoragemallorca.com\/wp-content\/uploads\/2021\/09\/IMG_0335-scaled.jpeg\" alt=\"invernaje calvia\" itemprop=\"image\" height=\"1440\" width=\"2560\" data-link-type=\"url\" title=\"invernaje calvia\" onerror=\"this.style.display='none'\"  sizes=\"auto, \" srcset=\"data:image\/svg+xml;utf8,&lt;svg%20xmlns=&quot;http:\/\/www.w3.org\/2000\/svg&quot;%20viewBox=&quot;0%200%202560%201440&quot;%20height=&quot;1440px&quot;%20width=&quot;2560px&quot;\/&gt;\" data-srcset=\"https:\/\/boatstoragemallorca.com\/wp-content\/uploads\/2021\/09\/IMG_0335-scaled.jpeg 2560w, https:\/\/boatstoragemallorca.com\/wp-content\/uploads\/2021\/09\/IMG_0335-300x169.jpeg 300w, https:\/\/boatstoragemallorca.com\/wp-content\/uploads\/2021\/09\/IMG_0335-1024x576.jpeg 1024w, https:\/\/boatstoragemallorca.com\/wp-content\/uploads\/2021\/09\/IMG_0335-768x432.jpeg 768w, https:\/\/boatstoragemallorca.com\/wp-content\/uploads\/2021\/09\/IMG_0335-1536x864.jpeg 1536w, https:\/\/boatstoragemallorca.com\/wp-content\/uploads\/2021\/09\/IMG_0335-2048x1152.jpeg 2048w, https:\/\/boatstoragemallorca.com\/wp-content\/uploads\/2021\/09\/IMG_0335-1260x709.jpeg 1260w, https:\/\/boatstoragemallorca.com\/wp-content\/uploads\/2021\/09\/IMG_0335-630x354.jpeg 630w, https:\/\/boatstoragemallorca.com\/wp-content\/uploads\/2021\/09\/IMG_0335-420x236.jpeg 420w, https:\/\/boatstoragemallorca.com\/wp-content\/uploads\/2021\/09\/IMG_0335-840x473.jpeg 840w, https:\/\/boatstoragemallorca.com\/wp-content\/uploads\/2021\/09\/IMG_0335-315x177.jpeg 315w\" \/>\t\t\t\t\t\t<\/a>\n\t\t\t\t<a href=\"https:\/\/boatstoragemallorca.com\/servicios\/electricidad-y-electronica-barcos\/\" target=\"_self\" itemprop=\"url\" title=\"tapiceria barcos\" rel=\"noopener\">\n\t\t\t\t\t\t\t<img decoding=\"async\" loading=\"lazy\" src=\"https:\/\/boatstoragemallorca.com\/wp-content\/uploads\/2021\/09\/IMG_0352-scaled.jpeg\" alt=\"tapiceria barcos\" itemprop=\"image\" height=\"1440\" width=\"2560\" data-link-type=\"url\" title=\"tapiceria barcos\" onerror=\"this.style.display='none'\"  sizes=\"auto, (max-width: 768px) 100vw, 100vw\" srcset=\"data:image\/svg+xml;utf8,&lt;svg%20xmlns=&quot;http:\/\/www.w3.org\/2000\/svg&quot;%20viewBox=&quot;0%200%202560%201440&quot;%20height=&quot;1440px&quot;%20width=&quot;2560px&quot;\/&gt;\" data-srcset=\"https:\/\/boatstoragemallorca.com\/wp-content\/uploads\/2021\/09\/IMG_0352-scaled.jpeg 2560w, https:\/\/boatstoragemallorca.com\/wp-content\/uploads\/2021\/09\/IMG_0352-300x169.jpeg 300w, https:\/\/boatstoragemallorca.com\/wp-content\/uploads\/2021\/09\/IMG_0352-1024x576.jpeg 1024w, https:\/\/boatstoragemallorca.com\/wp-content\/uploads\/2021\/09\/IMG_0352-768x432.jpeg 768w, https:\/\/boatstoragemallorca.com\/wp-content\/uploads\/2021\/09\/IMG_0352-1536x864.jpeg 1536w, https:\/\/boatstoragemallorca.com\/wp-content\/uploads\/2021\/09\/IMG_0352-2048x1152.jpeg 2048w, https:\/\/boatstoragemallorca.com\/wp-content\/uploads\/2021\/09\/IMG_0352-1260x709.jpeg 1260w, https:\/\/boatstoragemallorca.com\/wp-content\/uploads\/2021\/09\/IMG_0352-630x354.jpeg 630w, https:\/\/boatstoragemallorca.com\/wp-content\/uploads\/2021\/09\/IMG_0352-420x236.jpeg 420w, https:\/\/boatstoragemallorca.com\/wp-content\/uploads\/2021\/09\/IMG_0352-840x473.jpeg 840w, https:\/\/boatstoragemallorca.com\/wp-content\/uploads\/2021\/09\/IMG_0352-315x177.jpeg 315w\" \/>\t\t\t\t\t\t<\/a>\n\t\t\t\t<a href=\"https:\/\/boatstoragemallorca.com\/servicios\/tapiceria-y-toldos\/\" target=\"_self\" itemprop=\"url\" title=\"tapiceria barcos mallorca\" rel=\"noopener\">\n\t\t\t\t\t\t\t<img decoding=\"async\" loading=\"lazy\" src=\"https:\/\/boatstoragemallorca.com\/wp-content\/uploads\/2021\/09\/IMG_0360-scaled.jpeg\" alt=\"tapiceria barcos mallorca\" itemprop=\"image\" height=\"1440\" width=\"2560\" data-link-type=\"url\" title=\"tapiceria barcos mallorca\" onerror=\"this.style.display='none'\"  sizes=\"auto, (max-width: 768px) 100vw, 100vw\" srcset=\"data:image\/svg+xml;utf8,&lt;svg%20xmlns=&quot;http:\/\/www.w3.org\/2000\/svg&quot;%20viewBox=&quot;0%200%202560%201440&quot;%20height=&quot;1440px&quot;%20width=&quot;2560px&quot;\/&gt;\" data-srcset=\"https:\/\/boatstoragemallorca.com\/wp-content\/uploads\/2021\/09\/IMG_0360-scaled.jpeg 2560w, https:\/\/boatstoragemallorca.com\/wp-content\/uploads\/2021\/09\/IMG_0360-300x169.jpeg 300w, https:\/\/boatstoragemallorca.com\/wp-content\/uploads\/2021\/09\/IMG_0360-1024x576.jpeg 1024w, https:\/\/boatstoragemallorca.com\/wp-content\/uploads\/2021\/09\/IMG_0360-768x432.jpeg 768w, https:\/\/boatstoragemallorca.com\/wp-content\/uploads\/2021\/09\/IMG_0360-1536x864.jpeg 1536w, https:\/\/boatstoragemallorca.com\/wp-content\/uploads\/2021\/09\/IMG_0360-2048x1152.jpeg 2048w, https:\/\/boatstoragemallorca.com\/wp-content\/uploads\/2021\/09\/IMG_0360-1260x709.jpeg 1260w, https:\/\/boatstoragemallorca.com\/wp-content\/uploads\/2021\/09\/IMG_0360-630x354.jpeg 630w, https:\/\/boatstoragemallorca.com\/wp-content\/uploads\/2021\/09\/IMG_0360-420x236.jpeg 420w, https:\/\/boatstoragemallorca.com\/wp-content\/uploads\/2021\/09\/IMG_0360-840x473.jpeg 840w, https:\/\/boatstoragemallorca.com\/wp-content\/uploads\/2021\/09\/IMG_0360-315x177.jpeg 315w\" \/>\t\t\t\t\t\t<\/a>\n\t\t\t\t<a href=\"https:\/\/boatstoragemallorca.com\/servicios\/neumaticas-y-auxiliares\/\" target=\"_self\" itemprop=\"url\" title=\"neumaticas barcos auxiliares\" rel=\"noopener\">\n\t\t\t\t\t\t\t<img decoding=\"async\" loading=\"lazy\" src=\"https:\/\/boatstoragemallorca.com\/wp-content\/uploads\/2021\/09\/IMG_0332-scaled.jpeg\" alt=\"neumaticas barcos auxiliares\" itemprop=\"image\" height=\"1440\" width=\"2560\" data-link-type=\"url\" title=\"neumaticas barcos auxiliares\" onerror=\"this.style.display='none'\"  sizes=\"auto, (max-width: 768px) 100vw, 100vw\" srcset=\"data:image\/svg+xml;utf8,&lt;svg%20xmlns=&quot;http:\/\/www.w3.org\/2000\/svg&quot;%20viewBox=&quot;0%200%202560%201440&quot;%20height=&quot;1440px&quot;%20width=&quot;2560px&quot;\/&gt;\" data-srcset=\"https:\/\/boatstoragemallorca.com\/wp-content\/uploads\/2021\/09\/IMG_0332-scaled.jpeg 2560w, https:\/\/boatstoragemallorca.com\/wp-content\/uploads\/2021\/09\/IMG_0332-300x169.jpeg 300w, https:\/\/boatstoragemallorca.com\/wp-content\/uploads\/2021\/09\/IMG_0332-1024x576.jpeg 1024w, https:\/\/boatstoragemallorca.com\/wp-content\/uploads\/2021\/09\/IMG_0332-768x432.jpeg 768w, https:\/\/boatstoragemallorca.com\/wp-content\/uploads\/2021\/09\/IMG_0332-1536x864.jpeg 1536w, https:\/\/boatstoragemallorca.com\/wp-content\/uploads\/2021\/09\/IMG_0332-2048x1152.jpeg 2048w, https:\/\/boatstoragemallorca.com\/wp-content\/uploads\/2021\/09\/IMG_0332-1260x709.jpeg 1260w, https:\/\/boatstoragemallorca.com\/wp-content\/uploads\/2021\/09\/IMG_0332-630x354.jpeg 630w, https:\/\/boatstoragemallorca.com\/wp-content\/uploads\/2021\/09\/IMG_0332-420x236.jpeg 420w, https:\/\/boatstoragemallorca.com\/wp-content\/uploads\/2021\/09\/IMG_0332-840x473.jpeg 840w, https:\/\/boatstoragemallorca.com\/wp-content\/uploads\/2021\/09\/IMG_0332-315x177.jpeg 315w\" \/>\t\t\t\t\t\t<\/a>\n\t<h2>Servicios<br \/>\n<strong>N\u00e1uticos en Mallorca<\/strong><\/h2>\n\t<p>Trabajamos con los mejores proveedores n\u00e1uticos de Mallorca para tener a punto los barcos de nuestros clientes, con sus m\u00e1s altas expectativas<\/p>\n\t\u25ce\u00a0 \u00a0 Comunicaci\u00f3n transparente<br \/>\n\u25ce\u00a0 \u00a0 Todo tipo de soluciones de invernaje<br \/>\n\u25ce \u00a0 \u00a0Nuestros clientes repiten cada temporada<br \/>\n\u25ce\u00a0 \u00a0 Situados en una situaci\u00f3n estrat\u00e9gica de la isla\n\t<h2>Que marcan<br \/>\n<strong>la diferencia<\/strong><\/h2>\n\t<p>Para ofrecer el mejor y m\u00e1s completo servicio de Baleares, primero tuvimos que ser capitanes de barco, transportistas, clientes de muchas otras empresas n\u00e1uticas, para entender a la perfecci\u00f3n nuestros pr\u00f3ximos clientes.<\/p>\n\t<a href=\"http:\/\/s560773613.mialojamiento.es\/sobre-nosotros\/\" target=\"_self\" role=\"button\" rel=\"noopener\">\n\t\t\t\t\tSobre Nosotros\n\t<\/a>\n\t\t\t\t\t\t\t<img decoding=\"async\" loading=\"lazy\" width=\"1440\" height=\"2560\" src=\"http:\/\/s560773613.mialojamiento.es\/wp-content\/uploads\/2021\/09\/IMG_0327-1-scaled.jpeg\" alt=\"servicios nauticos\" itemprop=\"image\" title=\"servicios nauticos\" onerror=\"this.style.display='none'\"  sizes=\"auto, (max-width: 768px) 100vw, 100vw\" srcset=\"data:image\/svg+xml;utf8,&lt;svg%20xmlns=&quot;http:\/\/www.w3.org\/2000\/svg&quot;%20viewBox=&quot;0%200%201440%202560&quot;%20height=&quot;2560px&quot;%20width=&quot;1440px&quot;\/&gt;\" data-srcset=\"https:\/\/boatstoragemallorca.com\/wp-content\/uploads\/2021\/09\/IMG_0327-1-scaled.jpeg 1440w, https:\/\/boatstoragemallorca.com\/wp-content\/uploads\/2021\/09\/IMG_0327-1-169x300.jpeg 169w, https:\/\/boatstoragemallorca.com\/wp-content\/uploads\/2021\/09\/IMG_0327-1-576x1024.jpeg 576w, https:\/\/boatstoragemallorca.com\/wp-content\/uploads\/2021\/09\/IMG_0327-1-768x1365.jpeg 768w, https:\/\/boatstoragemallorca.com\/wp-content\/uploads\/2021\/09\/IMG_0327-1-864x1536.jpeg 864w, https:\/\/boatstoragemallorca.com\/wp-content\/uploads\/2021\/09\/IMG_0327-1-1152x2048.jpeg 1152w, https:\/\/boatstoragemallorca.com\/wp-content\/uploads\/2021\/09\/IMG_0327-1-1260x2240.jpeg 1260w, https:\/\/boatstoragemallorca.com\/wp-content\/uploads\/2021\/09\/IMG_0327-1-630x1120.jpeg 630w, https:\/\/boatstoragemallorca.com\/wp-content\/uploads\/2021\/09\/IMG_0327-1-420x747.jpeg 420w, https:\/\/boatstoragemallorca.com\/wp-content\/uploads\/2021\/09\/IMG_0327-1-840x1493.jpeg 840w, https:\/\/boatstoragemallorca.com\/wp-content\/uploads\/2021\/09\/IMG_0327-1-315x560.jpeg 315w\" \/>\t\t\t\t\t\t\t\n<h2>\n\tNuestras <b> publicaciones<\/b>\n\t<\/h2>\n\n<\/div><!-- .vgblk-rw-wrapper -->","protected":false},"excerpt":{"rendered":"<p>Servicios N\u00e1uticos en Mallorca Trabajamos con los mejores proveedores n\u00e1uticos de Mallorca para tener a punto los barcos de nuestros clientes, con sus m\u00e1s altas expectativas \u25ce\u00a0 \u00a0 Comunicaci\u00f3n transparente \u25ce\u00a0 \u00a0 Todo tipo de soluciones de invernaje \u25ce \u00a0 \u00a0Nuestros clientes repiten cada temporada \u25ce\u00a0 \u00a0 Situados en una situaci\u00f3n estrat\u00e9gica de la isla&#8230;<\/p>\n","protected":false},"author":1,"featured_media":0,"parent":0,"menu_order":0,"comment_status":"closed","ping_status":"closed","template":"","meta":{"inline_featured_image":false,"footnotes":""},"class_list":["post-988622","page","type-page","status-publish","hentry"],"_links":{"self":[{"href":"https:\/\/boatstoragemallorca.com\/en\/wp-json\/wp\/v2\/pages\/988622","targetHints":{"allow":["GET"]}}],"collection":[{"href":"https:\/\/boatstoragemallorca.com\/en\/wp-json\/wp\/v2\/pages"}],"about":[{"href":"https:\/\/boatstoragemallorca.com\/en\/wp-json\/wp\/v2\/types\/page"}],"author":[{"embeddable":true,"href":"https:\/\/boatstoragemallorca.com\/en\/wp-json\/wp\/v2\/users\/1"}],"replies":[{"embeddable":true,"href":"https:\/\/boatstoragemallorca.com\/en\/wp-json\/wp\/v2\/comments?post=988622"}],"version-history":[{"count":3,"href":"https:\/\/boatstoragemallorca.com\/en\/wp-json\/wp\/v2\/pages\/988622\/revisions"}],"predecessor-version":[{"id":988686,"href":"https:\/\/boatstoragemallorca.com\/en\/wp-json\/wp\/v2\/pages\/988622\/revisions\/988686"}],"wp:attachment":[{"href":"https:\/\/boatstoragemallorca.com\/en\/wp-json\/wp\/v2\/media?parent=988622"}],"curies":[{"name":"wp","href":"https:\/\/api.w.org\/{rel}","templated":true}]}}